{"id":2,"date":"2025-04-14T07:46:55","date_gmt":"2025-04-14T07:46:55","guid":{"rendered":"https:\/\/barefoot-munich.de\/?page_id=2"},"modified":"2025-11-23T07:48:36","modified_gmt":"2025-11-23T07:48:36","slug":"sample-page","status":"publish","type":"page","link":"https:\/\/barefoot-allgaeu.de\/","title":{"rendered":"Dein Lauftraining im Allg\u00e4u"},"content":{"rendered":"\n<div class=\"wp-block-cover\" style=\"min-height:277px;aspect-ratio:unset;\"><span aria-hidden=\"true\" class=\"wp-block-cover__background has-background-dim\"><\/span><img fetchpriority=\"high\" decoding=\"async\" width=\"2560\" height=\"1707\" class=\"wp-block-cover__image-background wp-image-26\" alt=\"\" src=\"https:\/\/barefoot-munich.de\/wp-content\/uploads\/2023\/12\/A6401366-scaled.jpeg\" data-object-fit=\"cover\" srcset=\"https:\/\/barefoot-allgaeu.de\/wp-content\/uploads\/2023\/12\/A6401366-scaled.jpeg 2560w, https:\/\/barefoot-allgaeu.de\/wp-content\/uploads\/2023\/12\/A6401366-300x200.jpeg 300w, https:\/\/barefoot-allgaeu.de\/wp-content\/uploads\/2023\/12\/A6401366-1024x683.jpeg 1024w, https:\/\/barefoot-allgaeu.de\/wp-content\/uploads\/2023\/12\/A6401366-768x512.jpeg 768w, https:\/\/barefoot-allgaeu.de\/wp-content\/uploads\/2023\/12\/A6401366-1536x1024.jpeg 1536w, https:\/\/barefoot-allgaeu.de\/wp-content\/uploads\/2023\/12\/A6401366-2048x1365.jpeg 2048w\" sizes=\"(max-width: 2560px) 100vw, 2560px\" \/><div class=\"wp-block-cover__inner-container is-layout-flow wp-block-cover-is-layout-flow\">\n<div class=\"wp-block-group\"><div class=\"wp-block-group__inner-container is-layout-constrained wp-block-group-is-layout-constrained\">\n<div class=\"wp-block-columns is-layout-flex wp-container-core-columns-is-layout-1 wp-block-columns-is-layout-flex\">\n<div class=\"wp-block-column is-layout-flow wp-block-column-is-layout-flow\" style=\"flex-basis:100%\">\n<div class=\"wp-block-countdown-block-countdown\"><div class=\"eb-parent-wrapper eb-parent-eb-countdown-ox539 eb_animation eb___animated eb___fadeIn\"><div class=\"eb-countdown-ox539 eb-cd-wrapper default\"><div class=\"eb-cd-inner\" blockid=\"eb-countdown-ox539\" data-deadline-time=\"1748008800000\" data-is-evergreen-time=\"false\" data-evergreen-time-hours=\"11\" data-evergreen-time-minutes=\"59\" data-evergreen-recurring=\"false\" data-evergreen-restart-time=\"0\" data-evergreen-deadline-time=\"1704440977281\"><div class=\"box cd-box-day\"><span class=\"eb-cd-digit\">00<\/span><span class=\"eb-cd-label\">Tage<\/span><\/div><div class=\"box cd-box-hour\"><span class=\"eb-cd-digit\">00<\/span><span class=\"eb-cd-label\">Stunden<\/span><\/div><div class=\"box cd-box-minute\"><span class=\"eb-cd-digit\">00<\/span><span class=\"eb-cd-label\">Minuten<\/span><\/div><div class=\"box cd-box-second\"><span class=\"eb-cd-digit\">00<\/span><span class=\"eb-cd-label\">Sekunden<\/span><\/div><\/div><\/div><\/div><\/div>\n<\/div>\n<\/div>\n<\/div><\/div>\n<\/div><\/div>\n\n\n\n<figure class=\"wp-block-image size-full is-resized\"><a href=\"https:\/\/glnk.io\/8y8y9\/robert\" target=\"_blank\" rel=\"noreferrer noopener\"><img decoding=\"async\" width=\"1000\" height=\"200\" src=\"https:\/\/barefoot-allgaeu.de\/wp-content\/uploads\/2025\/11\/25-RABATT.png\" alt=\"\" class=\"wp-image-1318\" style=\"width:690px;height:auto\" srcset=\"https:\/\/barefoot-allgaeu.de\/wp-content\/uploads\/2025\/11\/25-RABATT.png 1000w, https:\/\/barefoot-allgaeu.de\/wp-content\/uploads\/2025\/11\/25-RABATT-300x60.png 300w, https:\/\/barefoot-allgaeu.de\/wp-content\/uploads\/2025\/11\/25-RABATT-768x154.png 768w\" sizes=\"(max-width: 1000px) 100vw, 1000px\" \/><\/a><\/figure>\n\n\n\n<h2 class=\"wp-block-heading has-text-align-center\"><strong>Natural Running Workout<\/strong><\/h2>\n\n\n\n<p class=\"has-text-align-center\"><strong>Gesunde F\u00fc\u00dfe und effektives Laufen im Barfu\u00dflaufstil!<\/strong><\/p>\n\n\n\n<p class=\"has-background\" style=\"background-color:#e6eefc\">Die meisten Menschen denken beim Laufen, so wie ich fr\u00fcher auch,&nbsp; an das allseits beliebte Joggen. Das diese Art der Bewegung allerdings keineswegs nat\u00fcrlich und mitunter sogar gesundheitssch\u00e4dlich sein kann, ist wohl den wenigsten bewusst. Eins der bekanntesten Beispiele ist das sogenannte &#8220;Runner`s Knee&#8221;, dass eine Besch\u00e4digung oder \u00dcberlastung des Knorpels, meist unterhalb der Kniescheibe, beschreibt. Oder B\u00e4nderdehnungen und -risse, durch das Umknicken des Fu\u00dfes und vieles mehr. Die Ursachen dieser Verletzungen sind meist eine falsche Lauftechnik, ein falscher Schuh oder einfach ein zu &#8220;schwacher&#8221; Fu\u00df. Durch den nat\u00fcrlichen Laufstil lernst du richtig zu laufen, deinen Fu\u00df zu kr\u00e4ftigen und kannst somit Verletzungen vorbeugen.<\/p>\n\n\n\n<div style=\"height:20px\" aria-hidden=\"true\" class=\"wp-block-spacer\"><\/div>\n\n\n\n<blockquote class=\"wp-block-quote has-text-align-center is-layout-flow wp-block-quote-is-layout-flow\">\n<h2 class=\"wp-block-heading\"><strong>&#8220;Jeder Mensch kann richtig laufen!&#8221;<\/strong><\/h2>\n<\/blockquote>\n\n\n\n<div style=\"height:20px\" aria-hidden=\"true\" class=\"wp-block-spacer\"><\/div>\n\n\n\n<p>Evolution\u00e4r gesehen, ist der Mensch ein perfekter Langstreckenl\u00e4ufer. Wir haben es in der modernen Gesellschaft einfach nur verlernt uns nat\u00fcrlich zu bewegen.<\/p>\n\n\n\n<p>Die Grundidee meiner Arbeit ist also nicht dir etwas Neues beizubringen, sondern vielmehr etwas Vergessenes wieder in Erinnerung zu holen und dich somit zu einem besseren L\u00e4ufer zu machen.<\/p>\n\n\n\n<p>In diesem Workout bekommst du \u00dcbungen an die Hand, um auf den nat\u00fcrlichen Barfu\u00dflaufstil umzustellen. Gleichzeitig lernst du in kleiner Gruppe, wie du effektiver, schmerzfreier und entspannter l\u00e4ufst.<\/p>\n\n\n\n<p><strong>Workshop oder Workout?<\/strong><\/p>\n\n\n\n<p>Mein Konzept ist etwas anders, als die herk\u00f6mmlichen Natural Running Workshops, in denen immer zu den praktischen Sachen sehr viel Theorie gelehrt wird. Das ist sicher nichts Schlechtes und gerade die Vortr\u00e4ge \u00fcber die menschliche Anatomie und die historische Bedeutung der artgerechten Fortbewegung, sollte man sich vorher einmal angesehen haben.<\/p>\n\n\n\n<div class=\"alignnormal\"><div id=\"metaslider-id-1051\" style=\"width: 100%; margin: 0 auto;\" class=\"ml-slider-3-109-0 metaslider metaslider-flex metaslider-1051 ml-slider has-dots-nav has-carousel-mode ms-theme-default-base\" role=\"region\" aria-label=\"New Slideshow\" data-height=\"300\" data-width=\"700\">\n    <div id=\"metaslider_container_1051\">\n        <div id=\"metaslider_1051\">\n            <ul class='slides'>\n                <li style=\"display: none; width: 100%;\" class=\"slide-1052 ms-image \" aria-roledescription=\"slide\" data-date=\"2025-04-24 10:29:11\" data-filename=\"A6401346-scaled-700x300.jpeg\" data-slide-type=\"image\"><img decoding=\"async\" src=\"https:\/\/barefoot-allgaeu.de\/wp-content\/uploads\/2023\/12\/A6401346-scaled-700x300.jpeg\" height=\"300\" width=\"700\" alt=\"\" class=\"slider-1051 slide-1052 msDefaultImage\" title=\"A6401346\" \/><\/li>\n                <li style=\"display: none; width: 100%;\" class=\"slide-1053 ms-image \" aria-roledescription=\"slide\" data-date=\"2025-04-24 10:29:32\" data-filename=\"A6401258-scaled-700x300.jpeg\" data-slide-type=\"image\"><img loading=\"lazy\" decoding=\"async\" src=\"https:\/\/barefoot-allgaeu.de\/wp-content\/uploads\/2023\/12\/A6401258-scaled-700x300.jpeg\" height=\"300\" width=\"700\" alt=\"\" class=\"slider-1051 slide-1053 msDefaultImage\" title=\"A6401258\" \/><\/li>\n                <li style=\"display: none; width: 100%;\" class=\"slide-1054 ms-image \" aria-roledescription=\"slide\" data-date=\"2025-04-24 10:29:46\" data-filename=\"A6401366-scaled-700x300.jpeg\" data-slide-type=\"image\"><img loading=\"lazy\" decoding=\"async\" src=\"https:\/\/barefoot-allgaeu.de\/wp-content\/uploads\/2023\/12\/A6401366-scaled-700x300.jpeg\" height=\"300\" width=\"700\" alt=\"\" class=\"slider-1051 slide-1054 msDefaultImage\" title=\"A6401366\" \/><\/li>\n            <\/ul>\n        <\/div>\n        \n    <\/div>\n<\/div><\/div>\n\n\n\n<h3 class=\"wp-block-heading\"><strong>Nun zu meinem Konzept.<\/strong><\/h3>\n\n\n\n<p>Hier steht ganz klar die Praxis im Vordergrund! Anhand verschiedener \u00dcbungen, lernst du das richtige Gehen und Laufen im Barfu\u00dflaufstil. Des weiteren zeige ich dir, wie du deine Fu\u00dfmuskulatur bewusst kr\u00e4ftigst um Fehlstellungen und Verletzungen vorzubeugen oder vorhandene zu verbessern. Da man das Zusammenspiel von F\u00fc\u00dfen und K\u00f6rper immer im Ganzen betrachten muss, wird es in dem Workout auch einige \u00dcbungen zur Stabilisierung, zur Kr\u00e4ftigung der Beine des Rumpfes und des Oberk\u00f6rpers geben, die deine Haltung verbessern und dich somit auch wieder zu einem besseren L\u00e4ufer werden lassen. Also bring dir ein Handtuch und viel Wasser mit, denn es wird geschwitzt!<br>Aufgrund der bewusst klein gehaltenen Teilnehmerzahl, ist eine pers\u00f6nliche Betreuung w\u00e4hrend des Workouts gew\u00e4hrleistet und f\u00fcr Fragen, stehe ich dir w\u00e4hrend oder nach dem Workout gerne zur Verf\u00fcgung.<\/p>\n\n\n\n<div style=\"height:20px\" aria-hidden=\"true\" class=\"wp-block-spacer\"><\/div>\n\n\n\n<div class=\"wp-block-group\"><div class=\"wp-block-group__inner-container is-layout-constrained wp-block-group-is-layout-constrained\"><div class=\"wp-block-image is-resized is-style-rounded\">\n<figure class=\"aligncenter size-thumbnail\"><img loading=\"lazy\" decoding=\"async\" width=\"150\" height=\"150\" src=\"https:\/\/barefoot-munich.de\/wp-content\/uploads\/2024\/01\/19b1d6d3-6a04-4795-a193-f957c277db98-150x150.webp\" alt=\"\" class=\"wp-image-77\" style=\"aspect-ratio:1;object-fit:cover\" srcset=\"https:\/\/barefoot-allgaeu.de\/wp-content\/uploads\/2024\/01\/19b1d6d3-6a04-4795-a193-f957c277db98-150x150.webp 150w, https:\/\/barefoot-allgaeu.de\/wp-content\/uploads\/2024\/01\/19b1d6d3-6a04-4795-a193-f957c277db98-300x300.webp 300w, https:\/\/barefoot-allgaeu.de\/wp-content\/uploads\/2024\/01\/19b1d6d3-6a04-4795-a193-f957c277db98-768x768.webp 768w, https:\/\/barefoot-allgaeu.de\/wp-content\/uploads\/2024\/01\/19b1d6d3-6a04-4795-a193-f957c277db98.webp 995w\" sizes=\"(max-width: 150px) 100vw, 150px\" \/><\/figure><\/div>\n\n\n<blockquote class=\"wp-block-quote has-text-align-center is-style-large is-layout-flow wp-block-quote-is-layout-flow\">\n<p class=\"has-medium-font-size\">\u201eEs geht nicht immer um Bestzeiten. Es geht um das Gef\u00fchl, etwas geschafft zu haben. \u201c<\/p>\n<\/blockquote>\n<\/div><\/div>\n\n\n\n<div style=\"height:20px\" aria-hidden=\"true\" class=\"wp-block-spacer\"><\/div>\n\n\n\n<div class=\"wp-block-media-text alignwide has-media-on-the-right is-stacked-on-mobile is-vertically-aligned-center has-background\" style=\"background-color:#fbf4c6\"><div class=\"wp-block-media-text__content\">\n<div class=\"wp-block-group\" style=\"padding-top:2em;padding-right:2em;padding-bottom:2em;padding-left:2em\"><div class=\"wp-block-group__inner-container is-layout-flow wp-block-group-is-layout-flow\">\n<p class=\"has-medium-font-size\" style=\"line-height:1.2\"><strong>Workout\u00fcbersicht<\/strong><\/p>\n\n\n\n<p class=\"has-small-font-size\">Gehen und laufen lernen im Barfu\u00dflaufstil<\/p>\n\n\n\n<p class=\"has-small-font-size\">Analyse deiner individuellen Bewegungsmuster<\/p>\n\n\n\n<p class=\"has-small-font-size\">\u00dcbungen zur Kr\u00e4ftigung und Stabilisierung der Fu\u00dfmuskulatur<\/p>\n\n\n\n<p class=\"has-small-font-size\">Ganzheitliches Workout f\u00fcr den ganzen K\u00f6rper<\/p>\n\n\n\n<p class=\"has-small-font-size\">individuelles Coaching und Anleitung zum Training<\/p>\n\n\n\n<p class=\"has-small-font-size\" style=\"line-height:1.2\">Beratung und Tipps f\u00fcr den Alltag<\/p>\n\n\n\n<p class=\"has-small-font-size\">Q&amp;A&nbsp;<\/p>\n<\/div><\/div>\n<\/div><figure class=\"wp-block-media-text__media\"><img loading=\"lazy\" decoding=\"async\" width=\"500\" height=\"500\" src=\"https:\/\/barefoot-allgaeu.de\/wp-content\/uploads\/2025\/04\/image__3_-removebg-preview.png\" alt=\"\" class=\"wp-image-1036 size-full\" srcset=\"https:\/\/barefoot-allgaeu.de\/wp-content\/uploads\/2025\/04\/image__3_-removebg-preview.png 500w, https:\/\/barefoot-allgaeu.de\/wp-content\/uploads\/2025\/04\/image__3_-removebg-preview-300x300.png 300w, https:\/\/barefoot-allgaeu.de\/wp-content\/uploads\/2025\/04\/image__3_-removebg-preview-150x150.png 150w\" sizes=\"(max-width: 500px) 100vw, 500px\" \/><\/figure><\/div>\n\n\n\n<div class=\"wp-block-media-text alignwide is-stacked-on-mobile is-vertically-aligned-center has-background\" style=\"background-color:#f3ebff\"><figure class=\"wp-block-media-text__media\"><img loading=\"lazy\" decoding=\"async\" width=\"500\" height=\"500\" src=\"https:\/\/barefoot-allgaeu.de\/wp-content\/uploads\/2025\/04\/ChatGPT_Image_25._Apr._2025__12_41_22-removebg-preview.png\" alt=\"\" class=\"wp-image-1082 size-full\" srcset=\"https:\/\/barefoot-allgaeu.de\/wp-content\/uploads\/2025\/04\/ChatGPT_Image_25._Apr._2025__12_41_22-removebg-preview.png 500w, https:\/\/barefoot-allgaeu.de\/wp-content\/uploads\/2025\/04\/ChatGPT_Image_25._Apr._2025__12_41_22-removebg-preview-300x300.png 300w, https:\/\/barefoot-allgaeu.de\/wp-content\/uploads\/2025\/04\/ChatGPT_Image_25._Apr._2025__12_41_22-removebg-preview-150x150.png 150w\" sizes=\"(max-width: 500px) 100vw, 500px\" \/><\/figure><div class=\"wp-block-media-text__content\">\n<div class=\"wp-block-group\" style=\"padding-top:2em;padding-right:2em;padding-bottom:2em;padding-left:2em\"><div class=\"wp-block-group__inner-container is-layout-flow wp-block-group-is-layout-flow\">\n<p class=\"has-medium-font-size\" style=\"line-height:1.2\"><strong>Eckdaten<\/strong><\/p>\n\n\n\n<p class=\"has-small-font-size\"><strong>Voraussetzung:<\/strong> Gute Laune, Neugier, ein Paar F\u00fc\u00dfe<\/p>\n\n\n\n<p class=\"has-small-font-size\"><strong>Teilnehmer:<\/strong> max. 4<\/p>\n\n\n\n<p class=\"has-small-font-size\"><strong>Was brauchst du:<\/strong> Sportsachen, Laufschuhe (optional), Wasser<\/p>\n\n\n\n<p class=\"has-small-font-size\"><strong>Teilnahme nicht empfohlen:<\/strong> bei schwerer k\u00f6rperlicher Einschr\u00e4nkung<\/p>\n<\/div><\/div>\n<\/div><\/div>\n\n\n\n<h6 class=\"wp-block-heading has-text-align-center\" id=\"anmeldeschluss-48h-vor-dem-kurs\">ANMELDESCHLUSS \u2013 24H VOR DEM KURS<\/h6>\n\n\n\n<hr class=\"wp-block-separator has-text-color has-dark-gray-color has-alpha-channel-opacity has-dark-gray-background-color has-background is-style-wide\"\/>\n\n\n\n<div id=\"eventbrite-widget-container-785715114057\"><\/div>\n\n<script src=\"https:\/\/www.eventbrite.de\/static\/widgets\/eb_widgets.js\"><\/script>\n\n<script type=\"text\/javascript\">\n    var exampleCallback = function() {\n        console.log('Bestellung ist abgeschlossen!');\n    };\n\n    window.EBWidgets.createWidget({\n        \/\/ Required\n        widgetType: 'checkout',\n        eventId: '785715114057',\n        iframeContainerId: 'eventbrite-widget-container-785715114057',\n\n        \/\/ Optional\n        iframeContainerHeight: 600,  \/\/ Widget height in pixels. Defaults to a minimum of 600px if not provided\n        onOrderComplete: exampleCallback  \/\/ Method called when an order has successfully completed\n    });\n<\/script>\n\n\n\n<hr class=\"wp-block-separator has-text-color has-dark-gray-color has-alpha-channel-opacity has-dark-gray-background-color has-background is-style-wide\"\/>\n\n\n\n<div class=\"wp-block-columns are-vertically-aligned-center is-layout-flex wp-container-core-columns-is-layout-2 wp-block-columns-is-layout-flex\">\n<div class=\"wp-block-column is-vertically-aligned-center is-layout-flow wp-block-column-is-layout-flow\" style=\"flex-basis:100%\"><\/div>\n<\/div>\n\n\n\n<blockquote class=\"wp-block-quote is-layout-flow wp-block-quote-is-layout-flow\">\n<p class=\"has-white-background-color has-background\"><em>Du hast keinen passenden Termin gefunden? Dann schreib mich gerne an und wir finden deinen Wunschtermin.&nbsp;<\/em><br><a href=\"mailto:robert@barefoot-allgaeu.de\">robert@barefoot-allgaeu.de<\/a><\/p>\n<\/blockquote>\n\n\n\n<div style=\"height:20px\" aria-hidden=\"true\" class=\"wp-block-spacer\"><\/div>\n\n\n\n<figure class=\"wp-block-image size-full is-resized\"><a href=\"https:\/\/glnk.io\/8y8y9\/robert\" target=\"_blank\" rel=\"noreferrer noopener\"><img decoding=\"async\" width=\"1000\" height=\"200\" src=\"https:\/\/barefoot-allgaeu.de\/wp-content\/uploads\/2025\/11\/25-RABATT.png\" alt=\"\" class=\"wp-image-1318\" style=\"width:690px;height:auto\" srcset=\"https:\/\/barefoot-allgaeu.de\/wp-content\/uploads\/2025\/11\/25-RABATT.png 1000w, https:\/\/barefoot-allgaeu.de\/wp-content\/uploads\/2025\/11\/25-RABATT-300x60.png 300w, https:\/\/barefoot-allgaeu.de\/wp-content\/uploads\/2025\/11\/25-RABATT-768x154.png 768w\" sizes=\"(max-width: 1000px) 100vw, 1000px\" \/><\/a><\/figure>\n\n\n\n<div style=\"height:20px\" aria-hidden=\"true\" class=\"wp-block-spacer\"><\/div>\n\n\n\n<p>Liebe L\u00e4uferin, lieber L\u00e4ufer. <br><br>Sch\u00f6n, dass du bei mir vorbeischaust. <br>Da die Frage zu den Stornofristen \u00f6fter mal auftaucht, gebe ich dir hier die Informationen dazu: <br>Grunds\u00e4tzlich gilt, dass bei einer Absage der komplette Ticketpreis sofort zur\u00fcckerstattet wird. Au\u00dferdem betr\u00e4gt die allgemeine Stornofrist, statt vorher 7 Tage, jetzt nur noch einen Tag. <br>Somit bleibst du immer voll flexibel und musst dir keine weiteren Gedanken machen. <br><br>Folge mir f\u00fcr aktuelle Infos auch gerne auf <a href=\"https:\/\/www.instagram.com\/barefoot_munich\/\"><strong>Instagram<\/strong><\/a> oder vertreibe dir die Zeit, bis zum n\u00e4chsten Event, mit dem Lesen von meinem <a href=\"https:\/\/barefootmunich.wordpress.com\/barefoot-munich-blog\/\"><strong>Blog<\/strong><\/a>. <br><br>Ich freue mich auch immer \u00fcber konstruktive Kritik und Feedback von dir. <br><br>Bis bald, Robert<\/p>\n\n\n\n<p><\/p>\n","protected":false},"excerpt":{"rendered":"<p>Natural Running Workout Gesunde F\u00fc\u00dfe und effektives Laufen im Barfu\u00dflaufstil! Die meisten Menschen denken beim Laufen, so wie ich fr\u00fcher auch,&nbsp; an das allseits beliebte Joggen. Das diese Art der Bewegung allerdings keineswegs nat\u00fcrlich und mitunter sogar gesundheitssch\u00e4dlich sein kann, ist wohl den wenigsten bewusst. Eins der bekanntesten Beispiele ist das sogenannte &#8220;Runner`s Knee&#8221;, dass &hellip; <a href=\"https:\/\/barefoot-allgaeu.de\/\" class=\"more-link\"><span class=\"screen-reader-text\">Dein Lauftraining im Allg\u00e4u<\/span> weiterlesen<\/a><\/p>\n","protected":false},"author":1,"featured_media":0,"parent":0,"menu_order":0,"comment_status":"closed","ping_status":"open","template":"","meta":{"_eb_attr":"","footnotes":""},"class_list":["post-2","page","type-page","status-publish","hentry"],"_links":{"self":[{"href":"https:\/\/barefoot-allgaeu.de\/index.php?rest_route=\/wp\/v2\/pages\/2","targetHints":{"allow":["GET"]}}],"collection":[{"href":"https:\/\/barefoot-allgaeu.de\/index.php?rest_route=\/wp\/v2\/pages"}],"about":[{"href":"https:\/\/barefoot-allgaeu.de\/index.php?rest_route=\/wp\/v2\/types\/page"}],"author":[{"embeddable":true,"href":"https:\/\/barefoot-allgaeu.de\/index.php?rest_route=\/wp\/v2\/users\/1"}],"replies":[{"embeddable":true,"href":"https:\/\/barefoot-allgaeu.de\/index.php?rest_route=%2Fwp%2Fv2%2Fcomments&post=2"}],"version-history":[{"count":93,"href":"https:\/\/barefoot-allgaeu.de\/index.php?rest_route=\/wp\/v2\/pages\/2\/revisions"}],"predecessor-version":[{"id":1319,"href":"https:\/\/barefoot-allgaeu.de\/index.php?rest_route=\/wp\/v2\/pages\/2\/revisions\/1319"}],"wp:attachment":[{"href":"https:\/\/barefoot-allgaeu.de\/index.php?rest_route=%2Fwp%2Fv2%2Fmedia&parent=2"}],"curies":[{"name":"wp","href":"https:\/\/api.w.org\/{rel}","templated":true}]}}